{"id":573,"date":"2019-01-04T14:47:26","date_gmt":"2019-01-04T13:47:26","guid":{"rendered":"http:\/\/residence-lefrance.fr\/copie\/?page_id=573"},"modified":"2020-02-19T09:16:58","modified_gmt":"2020-02-19T08:16:58","slug":"tarifs","status":"publish","type":"page","link":"http:\/\/residence-lefrance.fr\/copie\/tarifs\/","title":{"rendered":"Tarifs"},"content":{"rendered":"<p>[et_pb_section fb_built=\u00a0\u00bb1&Prime; _builder_version=\u00a0\u00bb3.22&Prime;][et_pb_row _builder_version=\u00a0\u00bb3.25&Prime; background_size=\u00a0\u00bbinitial\u00a0\u00bb background_position=\u00a0\u00bbtop_left\u00a0\u00bb background_repeat=\u00a0\u00bbrepeat\u00a0\u00bb custom_margin=\u00a0\u00bb|748px||5px||\u00a0\u00bb][et_pb_column type=\u00a0\u00bb4_4&Prime; _builder_version=\u00a0\u00bb3.25&Prime; custom_padding=\u00a0\u00bb|||\u00a0\u00bb custom_padding__hover=\u00a0\u00bb|||\u00a0\u00bb][et_pb_post_title author=\u00a0\u00bboff\u00a0\u00bb date=\u00a0\u00bboff\u00a0\u00bb categories=\u00a0\u00bboff\u00a0\u00bb comments=\u00a0\u00bboff\u00a0\u00bb featured_image=\u00a0\u00bboff\u00a0\u00bb _builder_version=\u00a0\u00bb3.19.3&Prime; title_font=\u00a0\u00bbPlayfair Display||||||||\u00a0\u00bb][\/et_pb_post_title][et_pb_text _builder_version=\u00a0\u00bb3.27.4&Prime; background_size=\u00a0\u00bbinitial\u00a0\u00bb background_position=\u00a0\u00bbtop_left\u00a0\u00bb background_repeat=\u00a0\u00bbrepeat\u00a0\u00bb]<\/p>\n<table style=\"height: 752px;\" width=\"754\">\n<tbody>\n<tr>\n<td colspan=\"6\" width=\"754\">Studio et grande terrasse, vue lat\u00e9rale mer et face au jardin fleuri, \u00e0 50 m de la mer.<br \/>Voici nos tarifs pour l&rsquo;ann\u00e9e <strong>2020<\/strong>. N&rsquo;h\u00e9sitez pas \u00e0 nous interroger pour toute demande de disponibilit\u00e9 ! Studio class\u00e9 2* depuis f\u00e9vrier 2020, donc la taxe de s\u00e9jour est tr\u00e8s avantageuse (0,99\u20ac par personne et par nuit) !<\/td>\n<\/tr>\n<tr>\n<td width=\"87\"><span style=\"font-size: medium;\"><strong>RENSEIGNEMENTS\u00a0<\/strong><\/span><\/td>\n<td width=\"87\"><\/td>\n<td width=\"55\"><\/td>\n<td width=\"175\" style=\"text-align: left;\"><strong>RESERVATION<\/strong><\/td>\n<td width=\"175\"><span style=\"font-size: medium;\"><strong>+33 6 09 67 59 87<\/strong><\/span><\/td>\n<td width=\"175\"><span style=\"font-size: medium;\"><strong>c.campus@me.com<\/strong><\/span><\/td>\n<\/tr>\n<tr>\n<td colspan=\"3\">DATES<\/td>\n<td>DUREE MINIMALE<\/td>\n<td>par nuit\u00e9e<\/td>\n<td>HEBDOMADAIRE<\/td>\n<\/tr>\n<tr>\n<td><\/td>\n<td><\/td>\n<td><\/td>\n<td><\/td>\n<td><\/td>\n<td><\/td>\n<\/tr>\n<tr>\n<td colspan=\"3\">05 janvier &#8211; 03 avril\u00a0 \u00a0 \u00a0 \u00a0 \u00a0(possibilit\u00e9 3 \u00e0 4 nuits)<\/td>\n<td>une semaine<\/td>\n<td>57 \u20ac<\/td>\n<td>399 \u20ac<\/td>\n<\/tr>\n<tr>\n<td><\/td>\n<td><\/td>\n<td><\/td>\n<td><\/td>\n<td><\/td>\n<td><\/td>\n<\/tr>\n<tr>\n<td colspan=\"3\">04 avril &#8211; 29 mai\u00a0 \u00a0 \u00a0 \u00a0 \u00a0 \u00a0 \u00a0 (possibilit\u00e9 3 \u00e0 4 nuits)<\/td>\n<td>une semaine<\/td>\n<td>67 \u20ac<\/td>\n<td>469 \u20ac<\/td>\n<\/tr>\n<tr>\n<td><\/td>\n<td><\/td>\n<td><\/td>\n<td><\/td>\n<td><\/td>\n<td><\/td>\n<\/tr>\n<tr>\n<td colspan=\"3\">30 mai &#8211; 26 juin\u00a0 \u00a0 \u00a0 \u00a0 \u00a0 \u00a0 \u00a0 (possibilit\u00e9 3 \u00e0 4 nuits)<\/td>\n<td>une semaine<\/td>\n<td>70 \u20ac<\/td>\n<td>490 \u20ac<\/td>\n<\/tr>\n<tr>\n<td><\/td>\n<td><\/td>\n<td><\/td>\n<td><\/td>\n<td><\/td>\n<td><\/td>\n<\/tr>\n<tr>\n<td colspan=\"3\">27 juin &#8211; 17 juillet\u00a0 \u00a0 \u00a0 \u00a0 \u00a0 \u00a0 \u00a0 \u00a0 \u00a0 \u00a0 \u00a0 \u00a0 \u00a0\u00a0<\/td>\n<td>deux semaines<\/td>\n<td>98 \u20ac<\/td>\n<td>686 \u20ac<\/td>\n<\/tr>\n<tr>\n<td><\/td>\n<td><\/td>\n<td><\/td>\n<td><\/td>\n<td><\/td>\n<td><\/td>\n<\/tr>\n<tr>\n<td colspan=\"3\">18 juillet &#8211; 28 ao\u00fbt\u00a0 \u00a0 \u00a0 \u00a0 \u00a0 \u00a0 \u00a0 \u00a0 \u00a0 \u00a0 \u00a0 \u00a0\u00a0<\/td>\n<td>deux semaines<\/td>\n<td>127 \u20ac<\/td>\n<td>889 \u20ac<\/td>\n<\/tr>\n<tr>\n<td><\/td>\n<td><\/td>\n<td><\/td>\n<td><\/td>\n<td><\/td>\n<td><\/td>\n<\/tr>\n<tr>\n<td colspan=\"3\">29 ao\u00fbt &#8211; 18 septembre\u00a0 \u00a0 \u00a0 \u00a0 \u00a0 \u00a0 \u00a0 \u00a0<\/td>\n<td>deux semaines<\/td>\n<td>75 \u20ac<\/td>\n<td>525 \u20ac<\/td>\n<\/tr>\n<tr>\n<td><\/td>\n<td><\/td>\n<td><\/td>\n<td><\/td>\n<td><\/td>\n<td><\/td>\n<\/tr>\n<tr>\n<td colspan=\"3\">19 septembre &#8211; 13 novembre\u00a0 \u00a0\u00a0(poss. 3 \u00e0 4 nuits)<\/td>\n<td>une semaine<\/td>\n<td>57 \u20ac<\/td>\n<td>399 \u20ac<\/td>\n<\/tr>\n<tr>\n<td><\/td>\n<td><\/td>\n<td><\/td>\n<td><\/td>\n<td><\/td>\n<td><\/td>\n<\/tr>\n<tr>\n<td colspan=\"3\">14 novembre &#8211; 18 d\u00e9cembre\u00a0 \u00a0 \u00a0 \u00a0 \u00a0 \u00a0 \u00a0 \u00a0 \u00a0 \u00a0\u00ab\u00a0<\/td>\n<td>une semaine<\/td>\n<td>67 \u20ac<\/td>\n<td>469 \u20ac<\/td>\n<\/tr>\n<tr>\n<td><\/td>\n<td><\/td>\n<td><\/td>\n<td><\/td>\n<td><\/td>\n<td><\/td>\n<\/tr>\n<tr>\n<td colspan=\"3\">19 d\u00e9cembre &#8211; 1er janvier 2021\u00a0 \u00a0 \u00a0 \u00a0 \u00a0 \u00a0 \u00a0 \u00ab\u00a0<\/td>\n<td>une semaine<\/td>\n<td>75 \u20ac<\/td>\n<td>525 \u20ac<\/td>\n<\/tr>\n<tr>\n<td><\/td>\n<td><\/td>\n<td><\/td>\n<td><\/td>\n<td><\/td>\n<td><\/td>\n<\/tr>\n<tr>\n<td colspan=\"3\"><span style=\"font-size: large;\"><span style=\"font-size: medium;\">\u00a0<strong>RENSEIGNEMENTS<\/strong><\/span>\u00a0<\/span><\/td>\n<td><span style=\"font-size: large;\"><span style=\"font-size: medium;\"><strong>RESERVATIONS<\/strong><\/span>\u00a0=&gt;<\/span><\/td>\n<td style=\"text-align: left;\"><span style=\"font-size: medium;\"><strong>+33 6 09 67 59 87<\/strong><\/span><\/td>\n<td><span style=\"font-size: medium;\"><strong>c.campus@me.com<\/strong><\/span><\/td>\n<\/tr>\n<tr>\n<td><\/td>\n<td><\/td>\n<td><\/td>\n<td><\/td>\n<td><\/td>\n<td><\/td>\n<\/tr>\n<\/tbody>\n<\/table>\n<p>[\/et_pb_text][et_pb_text _builder_version=\u00a0\u00bb3.27.4&Prime;]<\/p>\n<p><strong>Conditions g\u00e9n\u00e9rales<\/strong><\/p>\n<p>Nos prix comprennent le linge (les lits seront faits), l\u2019eau, l\u2019\u00e9lectricit\u00e9, le Wifi et la place de parking au num\u00e9ro de l&rsquo;appartement.<\/p>\n<p>La taxe de s\u00e9jour est en sus et revers\u00e9e directement \u00e0 la municipalit\u00e9, \u00e0 raison de : 0,99 euros par jour et par personne de plus de 18 ans. Elle sera encaiss\u00e9e \u00e0 l\u2019arriv\u00e9e. Cette taxe est faible du fait que le studio est class\u00e9 2 \u00e9toiles par l&rsquo;Office du Tourisme Provence-M\u00e9diterran\u00e9e.<\/p>\n<p>Nos prix comprennent le m\u00e9nage du studio en fin de s\u00e9jour (s&rsquo;il est rendu en mauvais \u00e9tat, le r\u00e9gisseur est en droit de vous r\u00e9clamer un forfait de remise en \u00e9tat). Le n\u00e9cessaire \u00ab\u00a0cuisine\u00a0\u00bb est fourni (sel, poivre, condiments, caf\u00e9 et filtres, huile et vinaigre), ainsi que produits d&rsquo;entretien, papier toilette&#8230;donc ne vous chargez pas inutilement.<\/p>\n<p>Pour rappel, s\u2019agissant d\u2019un studio, les animaux de compagnie ne sont pas accept\u00e9s.<\/p>\n<p>N\u2019h\u00e9sitez pas \u00e0 nous consulter pour les tarifs hors saison (week-ends ou courts s\u00e9jours).<\/p>\n<p>Service gratuits :<\/p>\n<p>WiFi <br \/>\u00a0 \u00a0 \u00a0TV 40\u2019\u2019 <br \/>\u00a0 \u00a0 \u00a0Parking ferm\u00e9, une place privative au num\u00e9ro du studio.<br \/>Climatisation r\u00e9versible (froid l&rsquo;\u00e9t\u00e9, chauffage l&rsquo;hiver)<br \/>Coffre individuel<br \/>Local de rangement mat\u00e9riel de sport (selon disponibilit\u00e9s)<br \/>Informations &amp; documentation touristiques<\/p>\n<p>Services payants sur r\u00e9servation aupr\u00e8s des prestataires loueurs de paddles, planches \u00e0 voile, etc.<\/p>\n<p>Linge : INCLUS (le lot comprenant une paire de draps, deux taies, trois serviettes de toilette, deux torchons de cuisine).<br \/>M\u00e9nage de fin de s\u00e9jour : INCLUS<br \/>Machine \u00e0 laver et machine \u00e0 s\u00e9cher le linge \u00e0 monnayeur (pi\u00e8ces \u20ac)<\/p>\n<p>Hors p\u00e9riode 27 juin &#8211; 12 septembre : possibilit\u00e9 de s\u00e9jours \u00e0 la carte et en weekend. CONSULTEZ-NOUS !!<\/p>\n<p>CONDITIONS GENERALES :<\/p>\n<p>ACCES A L&rsquo;APPARTEMENT : vous aurez t\u00e9l\u00e9charg\u00e9 une application qui vous d\u00e9livrera la possibilit\u00e9 d&rsquo;ouvrir et fermer la porte d&rsquo;entr\u00e9e avec votre smartphone, pendant la dur\u00e9e de votre location. Vous seul en aurez l&rsquo;acc\u00e8s. Il est imp\u00e9ratif de toujours conserver votre t\u00e9l\u00e9phone sur vous, comme il est d&rsquo;usage.<\/p>\n<p>Les r\u00e9servations et s\u00e9jours s\u2019effectuent <span style=\"text-decoration: underline;\">toujours du samedi au samedi<\/span>\u00a0du 27 juin au 12 septembre, librement aux autres p\u00e9riodes :<br \/>&#8211; arriv\u00e9e possible \u00e0 partir de 16h (jusqu\u2019\u00e0 20h) <br \/>&#8211; d\u00e9part pour 10h au plus tard.<\/p>\n<p>Pour le cas o\u00f9 vous souhaiteriez nous quitter avant 8h, si vous ne souhaitez pas attendre le prestataire pour l\u2019\u00e9tat des lieux et l\u2019inventaire (par exemple si vous quittez tr\u00e8s t\u00f4t la r\u00e9sidence),<\/p>\n<p>Vous devez en informer le prestataire la veille et recopier le texte suivant sur un document, que vous signerez et laisserez en \u00e9vidence sur la table :<\/p>\n<p>Votre nom : Mr Mme _____________________________appartement LAURENCE<\/p>\n<p>\uf0d8 Je ne souhaite pas attendre le prestataire pour l\u2019\u00e9tat des lieux et l\u2019inventaire.<br \/>Je signale les incidents suivants \u2026\u2026. (casse, bris de mat\u00e9riel\u2026)<br \/>ou <br \/>J\u2019atteste qu\u2019il n\u2019y a pas eu d\u2019incident<\/p>\n<p>\uf0d8 Je laisse le coffre-fort vide et porte ouverte.<\/p>\n<p>\uf0d8 Je ferme la porte de l\u2019appartement \u00e0 l&rsquo;aide du code ; je suis inform\u00e9 que mon code d&rsquo;acc\u00e8s \u00e0 l&rsquo;appartement cessera d&rsquo;\u00eatre actif 30 minutes apr\u00e8s l&rsquo;heure limite de d\u00e9part, soit 10H30. Pass\u00e9e cette heure, je ne pourrai plus p\u00e9n\u00e9trer dans l&rsquo;appartement.<\/p>\n<p>Date + heure + signature.<\/p>\n<p>ACOMPTE : vous verserez 50 % du montant de votre s\u00e9jour par virement (PAYPAL)<br \/>au moment de la r\u00e9servation.<br \/>Le solde : \u00e0 r\u00e9gler 15 jours avant votre arriv\u00e9e \u00e0 la r\u00e9sidence.<\/p>\n<p>AU MOMENT DE L&rsquo;ARRIVEE ou avant l&rsquo;arriv\u00e9e :<br \/>&#8211; la caution : 300 euros, destin\u00e9e \u00e0 couvrir les d\u00e9fauts de propret\u00e9, les dommages caus\u00e9s aux objets et lieux lou\u00e9s. Ce d\u00e9p\u00f4t de garantie sera restitu\u00e9 \u00e0 la fin du s\u00e9jour apr\u00e8s v\u00e9rification, aux heures ouvrables ; <br \/>si d\u00e9part aux heures non ouvrables, par courrier sous huitaine.<br \/>&#8211; la taxe de s\u00e9jour : une facture vous sera remise du montant exact, \u00e0 r\u00e9gler par ch\u00e8que ou esp\u00e8ces au moment de la remise des cl\u00e9s par le prestataire. Cette taxe est revers\u00e9e int\u00e9gralement \u00e0 la mairie de Hy\u00e8res.<br \/>Les paiements peuvent se faire en esp\u00e8ces, par virement bancaire ou Paypal, \u00e0 l&rsquo;ordre du propri\u00e9taire du studio.<\/p>\n<p>La r\u00e9servation est d\u00e9finitive seulement apr\u00e8s r\u00e9ception de l\u2019acompte.<\/p>\n<p>Aucun remboursement en cas d&rsquo;arriv\u00e9e tardive ou de d\u00e9part anticip\u00e9.<\/p>\n<p>Aucun remboursement en cas d&rsquo;annulation, vous pouvez pr\u00e9voir une assurance annulation.<br \/>Un changement de date de r\u00e9servation apr\u00e8s versement de l\u2019acompte entra\u00eene 50 euros de frais.<\/p>\n<p>[\/et_pb_text][\/et_pb_column][\/et_pb_row][\/et_pb_section]<\/p>\n","protected":false},"excerpt":{"rendered":"<p>[et_pb_section fb_built=\u00a0\u00bb1&Prime; _builder_version=\u00a0\u00bb3.22&Prime;][et_pb_row _builder_version=\u00a0\u00bb3.25&Prime; background_size=\u00a0\u00bbinitial\u00a0\u00bb background_position=\u00a0\u00bbtop_left\u00a0\u00bb background_repeat=\u00a0\u00bbrepeat\u00a0\u00bb custom_margin=\u00a0\u00bb|748px||5px||\u00a0\u00bb][et_pb_column type=\u00a0\u00bb4_4&Prime; _builder_version=\u00a0\u00bb3.25&Prime; custom_padding=\u00a0\u00bb|||\u00a0\u00bb custom_padding__hover=\u00a0\u00bb|||\u00a0\u00bb][et_pb_post_title author=\u00a0\u00bboff\u00a0\u00bb date=\u00a0\u00bboff\u00a0\u00bb categories=\u00a0\u00bboff\u00a0\u00bb comments=\u00a0\u00bboff\u00a0\u00bb featured_image=\u00a0\u00bboff\u00a0\u00bb _builder_version=\u00a0\u00bb3.19.3&Prime; title_font=\u00a0\u00bbPlayfair Display||||||||\u00a0\u00bb][\/et_pb_post_title][et_pb_text _builder_version=\u00a0\u00bb3.27.4&Prime; background_size=\u00a0\u00bbinitial\u00a0\u00bb background_position=\u00a0\u00bbtop_left\u00a0\u00bb background_repeat=\u00a0\u00bbrepeat\u00a0\u00bb] Studio et grande terrasse, vue lat\u00e9rale mer et face au jardin fleuri, \u00e0 50 m de la mer.Voici nos tarifs pour l&rsquo;ann\u00e9e 2020. N&rsquo;h\u00e9sitez pas \u00e0 nous interroger pour toute demande [&hellip;]<\/p>\n","protected":false},"author":1,"featured_media":0,"parent":0,"menu_order":0,"comment_status":"closed","ping_status":"closed","template":"","meta":{"_et_pb_use_builder":"on","_et_pb_old_content":"<table style=\"height: 752px;\" width=\"754\"><tbody><tr><td colspan=\"6\" width=\"754\">Studio et grande terrasse, vue lat\u00e9rale mer et face au jardin fleuri, \u00e0 30 m de la mer.<br \/>Voici nos tarifs pour l'ann\u00e9e 2019. N'h\u00e9sitez pas \u00e0 nous interroger pour toute demande de disponibilit\u00e9 !<\/td><\/tr><tr><td width=\"87\">\u00a0<\/td><td width=\"87\">\u00a0<\/td><td width=\"55\">\u00a0<\/td><td width=\"175\">\u00a0<\/td><td width=\"175\">\u00a0<\/td><td width=\"175\">\u00a0<\/td><\/tr><tr><td colspan=\"3\">DATES<\/td><td>DUREE MINIMALE<\/td><td>par nuit\u00e9e<\/td><td>HEBDOMADAIRE<\/td><\/tr><tr><td>\u00a0<\/td><td>\u00a0<\/td><td>\u00a0<\/td><td>\u00a0<\/td><td>\u00a0<\/td><td>\u00a0<\/td><\/tr><tr><td colspan=\"3\">05 janvier - 28 f\u00e9vrier 2019<\/td><td>une semaine<\/td><td>55 \u20ac<\/td><td>385 \u20ac<\/td><\/tr><tr><td>\u00a0<\/td><td>\u00a0<\/td><td>\u00a0<\/td><td>\u00a0<\/td><td>\u00a0<\/td><td>\u00a0<\/td><\/tr><tr><td colspan=\"3\">1er mars - 29 avril<\/td><td>une semaine<\/td><td>57 \u20ac<\/td><td>399 \u20ac<\/td><\/tr><tr><td>\u00a0<\/td><td>\u00a0<\/td><td>\u00a0<\/td><td>\u00a0<\/td><td>\u00a0<\/td><td>\u00a0<\/td><\/tr><tr><td colspan=\"3\">30 avril - 11 mai<\/td><td>une semaine<\/td><td>64 \u20ac<\/td><td>448 \u20ac<\/td><\/tr><tr><td>\u00a0<\/td><td>\u00a0<\/td><td>\u00a0<\/td><td>\u00a0<\/td><td>\u00a0<\/td><td>\u00a0<\/td><\/tr><tr><td colspan=\"3\">12 mai - 28 mai<\/td><td>une semaine<\/td><td>57 \u20ac<\/td><td>399 \u20ac<\/td><\/tr><tr><td>\u00a0<\/td><td>\u00a0<\/td><td>\u00a0<\/td><td>\u00a0<\/td><td>\u00a0<\/td><td>\u00a0<\/td><\/tr><tr><td colspan=\"3\">29 mai - 28 juin<\/td><td>une semaine<\/td><td>64 \u20ac<\/td><td>448 \u20ac<\/td><\/tr><tr><td>\u00a0<\/td><td>\u00a0<\/td><td>\u00a0<\/td><td>\u00a0<\/td><td>\u00a0<\/td><td>\u00a0<\/td><\/tr><tr><td colspan=\"3\">29 juin - 26 juillet<\/td><td>une semaine<\/td><td>107 \u20ac<\/td><td>749 \u20ac<\/td><\/tr><tr><td>\u00a0<\/td><td>\u00a0<\/td><td>\u00a0<\/td><td>\u00a0<\/td><td>\u00a0<\/td><td>\u00a0<\/td><\/tr><tr><td colspan=\"3\">27 juillet - 23 ao\u00fbt<\/td><td>une semaine<\/td><td>120 \u20ac<\/td><td>840 \u20ac<\/td><\/tr><tr><td>\u00a0<\/td><td>\u00a0<\/td><td>\u00a0<\/td><td>\u00a0<\/td><td>\u00a0<\/td><td>\u00a0<\/td><\/tr><tr><td colspan=\"3\">24 ao\u00fbt - 13 septembre<\/td><td>une semaine<\/td><td>70 \u20ac<\/td><td>490 \u20ac<\/td><\/tr><tr><td>\u00a0<\/td><td>\u00a0<\/td><td>\u00a0<\/td><td>\u00a0<\/td><td>\u00a0<\/td><td>\u00a0<\/td><\/tr><tr><td colspan=\"3\">14 septembre - 20 d\u00e9cembre<\/td><td>une semaine<\/td><td>57 \u20ac<\/td><td>399 \u20ac<\/td><\/tr><tr><td>\u00a0<\/td><td>\u00a0<\/td><td>\u00a0<\/td><td>\u00a0<\/td><td>\u00a0<\/td><td>\u00a0<\/td><\/tr><tr><td colspan=\"3\">21 d\u00e9cembre - 03 janvier 2020<\/td><td>une semaine<\/td><td>60 \u20ac<\/td><td>420 \u20ac<\/td><\/tr><tr><td>\u00a0<\/td><td>\u00a0<\/td><td>\u00a0<\/td><td>\u00a0<\/td><td>\u00a0<\/td><td>\u00a0<\/td><\/tr><\/tbody><\/table>","_et_gb_content_width":""},"_links":{"self":[{"href":"http:\/\/residence-lefrance.fr\/copie\/wp-json\/wp\/v2\/pages\/573"}],"collection":[{"href":"http:\/\/residence-lefrance.fr\/copie\/wp-json\/wp\/v2\/pages"}],"about":[{"href":"http:\/\/residence-lefrance.fr\/copie\/wp-json\/wp\/v2\/types\/page"}],"author":[{"embeddable":true,"href":"http:\/\/residence-lefrance.fr\/copie\/wp-json\/wp\/v2\/users\/1"}],"replies":[{"embeddable":true,"href":"http:\/\/residence-lefrance.fr\/copie\/wp-json\/wp\/v2\/comments?post=573"}],"version-history":[{"count":15,"href":"http:\/\/residence-lefrance.fr\/copie\/wp-json\/wp\/v2\/pages\/573\/revisions"}],"predecessor-version":[{"id":921,"href":"http:\/\/residence-lefrance.fr\/copie\/wp-json\/wp\/v2\/pages\/573\/revisions\/921"}],"wp:attachment":[{"href":"http:\/\/residence-lefrance.fr\/copie\/wp-json\/wp\/v2\/media?parent=573"}],"curies":[{"name":"wp","href":"https:\/\/api.w.org\/{rel}","templated":true}]}}