{"id":473,"date":"2019-01-02T15:44:35","date_gmt":"2019-01-02T14:44:35","guid":{"rendered":"http:\/\/residence-lefrance.fr\/copie\/?page_id=473"},"modified":"2020-02-21T18:32:06","modified_gmt":"2020-02-21T17:32:06","slug":"contact","status":"publish","type":"page","link":"http:\/\/residence-lefrance.fr\/copie\/contact\/","title":{"rendered":"Contact"},"content":{"rendered":"<p>[et_pb_section fb_built=\u00a0\u00bb1&Prime; admin_label=\u00a0\u00bbsection\u00a0\u00bb _builder_version=\u00a0\u00bb3.22&Prime;][et_pb_row admin_label=\u00a0\u00bbrow\u00a0\u00bb _builder_version=\u00a0\u00bb3.25&Prime; background_size=\u00a0\u00bbinitial\u00a0\u00bb background_position=\u00a0\u00bbtop_left\u00a0\u00bb background_repeat=\u00a0\u00bbrepeat\u00a0\u00bb custom_margin=\u00a0\u00bb|auto||10px||\u00a0\u00bb][et_pb_column type=\u00a0\u00bb4_4&Prime; _builder_version=\u00a0\u00bb3.25&Prime; custom_padding=\u00a0\u00bb|||\u00a0\u00bb custom_padding__hover=\u00a0\u00bb|||\u00a0\u00bb][et_pb_image src=\u00a0\u00bbhttp:\/\/residence-lefrance.fr\/copie\/wp-content\/uploads\/2019\/06\/port-hyeres.jpg\u00a0\u00bb align=\u00a0\u00bbcenter\u00a0\u00bb align_tablet=\u00a0\u00bbcenter\u00a0\u00bb align_phone=\u00a0\u00bb\u00a0\u00bb align_last_edited=\u00a0\u00bbon|desktop\u00a0\u00bb _builder_version=\u00a0\u00bb3.23&Prime;][\/et_pb_image][et_pb_text _builder_version=\u00a0\u00bb3.27.4&Prime; text_font=\u00a0\u00bbVerdana||||||||\u00a0\u00bb text_font_size=\u00a0\u00bb16px\u00a0\u00bb]<\/p>\n<p>Bravo, vous venez de trouver votre studio tout confort en bord de mer pour les\u00a0vacances, \u00e0 Hy\u00e8res Presqu\u2019\u00eele de Giens\u00a0!<br \/>Contactez-nous pour plus d\u2019efficacit\u00e9 gr\u00e2ce au formulaire ci-dessous, \u00e0 nous\u00a0adresser par mail \u00e0\u00a0<\/p>\n<p style=\"text-align: center;\"><span style=\"font-size: x-large; color: #0941ba;\"><strong>c.campus@me.com<\/strong><\/span><\/p>\n<p>Merci de bien vouloir nous communiquer les renseignements suivants\u00a0:<\/p>\n<p>[\/et_pb_text][et_pb_contact_form title=\u00a0\u00bbDemande de renseignements\u00a0\u00bb _builder_version=\u00a0\u00bb4.1&Prime; form_field_background_color=\u00a0\u00bb#f7f7f7&Prime; title_font=\u00a0\u00bbPlayfair Display||||||||\u00a0\u00bb custom_button=\u00a0\u00bbon\u00a0\u00bb button_text_color=\u00a0\u00bb#0c71c3&Prime; button_on_hover=\u00a0\u00bboff\u00a0\u00bb hover_enabled=\u00a0\u00bb0&Prime; form_background_color=\u00a0\u00bb#f7f7f7&Prime; email=\u00a0\u00bbc.campus@me.com\u00a0\u00bb][et_pb_contact_field field_id=\u00a0\u00bbNom_pr\u00e9nom\u00a0\u00bb field_title=\u00a0\u00bbNom Pr\u00e9nom\u00a0\u00bb _builder_version=\u00a0\u00bb3.19.3&Prime;][\/et_pb_contact_field][et_pb_contact_field field_id=\u00a0\u00bbAdresse_postale\u00a0\u00bb field_title=\u00a0\u00bbAdresse postale\u00a0\u00bb _builder_version=\u00a0\u00bb3.19.3&Prime;][\/et_pb_contact_field][et_pb_contact_field field_id=\u00a0\u00bbEmail\u00a0\u00bb field_title=\u00a0\u00bbAdresse e-mail\u00a0\u00bb field_type=\u00a0\u00bbemail\u00a0\u00bb _builder_version=\u00a0\u00bb3.19.3&Prime;][\/et_pb_contact_field][et_pb_contact_field field_id=\u00a0\u00bbT\u00e9l\u00e9phone\u00a0\u00bb field_title=\u00a0\u00bbT\u00e9l\u00e9phone\u00a0\u00bb _builder_version=\u00a0\u00bb3.19.3&Prime;][\/et_pb_contact_field][et_pb_contact_field field_id=\u00a0\u00bbDates_souhait\u00e9es\u00a0\u00bb field_title=\u00a0\u00bbDates souhait\u00e9es\u00a0\u00bb _builder_version=\u00a0\u00bb3.19.3&Prime;][\/et_pb_contact_field][et_pb_contact_field field_id=\u00a0\u00bbNombre_d&rsquo;adultes\u00a0\u00bb field_title=\u00a0\u00bbNombre_d&rsquo;adultes\u00a0\u00bb _builder_version=\u00a0\u00bb3.19.3&Prime;][\/et_pb_contact_field][et_pb_contact_field field_id=\u00a0\u00bbNombre_d&rsquo;enfants\u00a0\u00bb field_title=\u00a0\u00bbNombre d&rsquo;enfants\u00a0\u00bb required_mark=\u00a0\u00bboff\u00a0\u00bb _builder_version=\u00a0\u00bb3.19.3&Prime;][\/et_pb_contact_field][et_pb_contact_field field_id=\u00a0\u00bbAge_des_enfants\u00a0\u00bb field_title=\u00a0\u00bbAge des enfants\u00a0\u00bb required_mark=\u00a0\u00bboff\u00a0\u00bb _builder_version=\u00a0\u00bb3.19.3&Prime;][\/et_pb_contact_field][et_pb_contact_field field_id=\u00a0\u00bbMessage\u00a0\u00bb field_title=\u00a0\u00bbMessage\u00a0\u00bb field_type=\u00a0\u00bbtext\u00a0\u00bb fullwidth_field=\u00a0\u00bbon\u00a0\u00bb _builder_version=\u00a0\u00bb3.19.3&Prime;][\/et_pb_contact_field][\/et_pb_contact_form][et_pb_text _builder_version=\u00a0\u00bb3.27.4&Prime; text_font=\u00a0\u00bbVerdana||||||||\u00a0\u00bb text_font_size=\u00a0\u00bb16px\u00a0\u00bb]<\/p>\n<p>Vous b\u00e9n\u00e9ficiez d&rsquo;un droit d&rsquo;acc\u00e8s, de modification, de rectification et de suppression\u00a0de vos donn\u00e9es personnelles. Pour les exercer, merci de nous contacter \u00e0\u00a0hyeresplage.laurence@gmail.com<\/p>\n<p>[\/et_pb_text][\/et_pb_column][\/et_pb_row][\/et_pb_section]<\/p>\n","protected":false},"excerpt":{"rendered":"<p>[et_pb_section fb_built=\u00a0\u00bb1&Prime; admin_label=\u00a0\u00bbsection\u00a0\u00bb _builder_version=\u00a0\u00bb3.22&Prime;][et_pb_row admin_label=\u00a0\u00bbrow\u00a0\u00bb _builder_version=\u00a0\u00bb3.25&Prime; background_size=\u00a0\u00bbinitial\u00a0\u00bb background_position=\u00a0\u00bbtop_left\u00a0\u00bb background_repeat=\u00a0\u00bbrepeat\u00a0\u00bb custom_margin=\u00a0\u00bb|auto||10px||\u00a0\u00bb][et_pb_column type=\u00a0\u00bb4_4&Prime; _builder_version=\u00a0\u00bb3.25&Prime; custom_padding=\u00a0\u00bb|||\u00a0\u00bb custom_padding__hover=\u00a0\u00bb|||\u00a0\u00bb][et_pb_image src=\u00a0\u00bbhttp:\/\/residence-lefrance.fr\/copie\/wp-content\/uploads\/2019\/06\/port-hyeres.jpg\u00a0\u00bb align=\u00a0\u00bbcenter\u00a0\u00bb align_tablet=\u00a0\u00bbcenter\u00a0\u00bb align_phone=\u00a0\u00bb\u00a0\u00bb align_last_edited=\u00a0\u00bbon|desktop\u00a0\u00bb _builder_version=\u00a0\u00bb3.23&Prime;][\/et_pb_image][et_pb_text _builder_version=\u00a0\u00bb3.27.4&Prime; text_font=\u00a0\u00bbVerdana||||||||\u00a0\u00bb text_font_size=\u00a0\u00bb16px\u00a0\u00bb] Bravo, vous venez de trouver votre studio tout confort en bord de mer pour les\u00a0vacances, \u00e0 Hy\u00e8res Presqu\u2019\u00eele de Giens\u00a0!Contactez-nous pour plus d\u2019efficacit\u00e9 gr\u00e2ce au formulaire ci-dessous, \u00e0 nous\u00a0adresser par mail \u00e0\u00a0 [&hellip;]<\/p>\n","protected":false},"author":1,"featured_media":0,"parent":0,"menu_order":0,"comment_status":"closed","ping_status":"closed","template":"page-template-blank.php","meta":{"_et_pb_use_builder":"on","_et_pb_old_content":"","_et_gb_content_width":""},"_links":{"self":[{"href":"http:\/\/residence-lefrance.fr\/copie\/wp-json\/wp\/v2\/pages\/473"}],"collection":[{"href":"http:\/\/residence-lefrance.fr\/copie\/wp-json\/wp\/v2\/pages"}],"about":[{"href":"http:\/\/residence-lefrance.fr\/copie\/wp-json\/wp\/v2\/types\/page"}],"author":[{"embeddable":true,"href":"http:\/\/residence-lefrance.fr\/copie\/wp-json\/wp\/v2\/users\/1"}],"replies":[{"embeddable":true,"href":"http:\/\/residence-lefrance.fr\/copie\/wp-json\/wp\/v2\/comments?post=473"}],"version-history":[{"count":18,"href":"http:\/\/residence-lefrance.fr\/copie\/wp-json\/wp\/v2\/pages\/473\/revisions"}],"predecessor-version":[{"id":934,"href":"http:\/\/residence-lefrance.fr\/copie\/wp-json\/wp\/v2\/pages\/473\/revisions\/934"}],"wp:attachment":[{"href":"http:\/\/residence-lefrance.fr\/copie\/wp-json\/wp\/v2\/media?parent=473"}],"curies":[{"name":"wp","href":"https:\/\/api.w.org\/{rel}","templated":true}]}}